{"id":1630,"date":"2023-11-28T15:00:47","date_gmt":"2023-11-28T14:00:47","guid":{"rendered":"https:\/\/alessandrabeltramo.com\/privacy-policy\/"},"modified":"2024-02-16T10:17:12","modified_gmt":"2024-02-16T09:17:12","slug":"privacy-policy","status":"publish","type":"page","link":"https:\/\/alessandrabeltramo.com\/it\/privacy-policy\/","title":{"rendered":"Privacy Policy"},"content":{"rendered":"\t\t<div data-elementor-type=\"wp-page\" data-elementor-id=\"1630\" class=\"elementor elementor-1630 elementor-832\" data-elementor-post-type=\"page\">\n\t\t\t\t\t\t<section class=\"elementor-section elementor-top-section elementor-element elementor-element-26f4a9c elementor-section-height-min-height elementor-section-full_width elementor-section-height-default elementor-section-items-middle qodef-elementor-content-no\" data-id=\"26f4a9c\" data-element_type=\"section\" data-e-type=\"section\" data-settings=\"{&quot;background_background&quot;:&quot;classic&quot;}\">\n\t\t\t\t\t\t<div class=\"elementor-container elementor-column-gap-default\">\n\t\t\t\t\t<div class=\"elementor-column elementor-col-100 elementor-top-column elementor-element elementor-element-fd4f23e qodef-sticky-column--no\" data-id=\"fd4f23e\" data-element_type=\"column\" data-e-type=\"column\">\n\t\t\t<div class=\"elementor-widget-wrap elementor-element-populated\">\n\t\t\t\t\t\t<div class=\"elementor-element elementor-element-839206b elementor-widget__width-initial elementor-widget-tablet__width-inherit elementor-widget elementor-widget-qi_addons_for_elementor_section_title\" data-id=\"839206b\" data-element_type=\"widget\" data-e-type=\"widget\" data-widget_type=\"qi_addons_for_elementor_section_title.default\">\n\t\t\t\t<div class=\"elementor-widget-container\">\n\t\t\t\t\t<div class=\"qodef-shortcode qodef-m qodef-qi-section-title qodef-decoration--italic qodef-link--underline-draw qodef-subtitle-icon--left\">\n\t\t\t\t\t\t<h1 class=\"qodef-m-title\">\n\t\tPrivacy Policy\t<\/h1>\n\t\t\t<\/div>\n\t\t\t\t<\/div>\n\t\t\t\t<\/div>\n\t\t\t\t\t<\/div>\n\t\t<\/div>\n\t\t\t\t\t<\/div>\n\t\t<\/section>\n\t\t<div class=\"elementor-element elementor-element-3d210a6 e-con-full qodef-elementor-content-grid e-flex e-con e-parent\" data-id=\"3d210a6\" data-element_type=\"container\" data-e-type=\"container\" data-settings=\"{&quot;background_background&quot;:&quot;classic&quot;}\">\n\t\t\t\t<div class=\"elementor-element elementor-element-5eabac9 elementor-widget__width-initial elementor-widget-tablet__width-inherit elementor-widget elementor-widget-qi_addons_for_elementor_section_title\" data-id=\"5eabac9\" data-element_type=\"widget\" data-e-type=\"widget\" data-widget_type=\"qi_addons_for_elementor_section_title.default\">\n\t\t\t\t<div class=\"elementor-widget-container\">\n\t\t\t\t\t<div class=\"qodef-shortcode qodef-m qodef-qi-section-title qodef-decoration--italic qodef-link--underline-draw qodef-subtitle-icon--left\">\n\t\t\t\t<h5 class=\"qodef-m-subtitle\">\n\t\t1\/ Informativa sulla privacy e sulla sicurezza\t\t\t<\/h5>\n\t\t\t\t\t<div class=\"qodef-m-text\"><p class=\"p1\">Le seguenti informazioni sulla nostra Privacy Policy riflettono l\u2019impegno di <em>Alessandra Beltramo Events<\/em>, a mantenere e garantire relazioni commerciali sicure attraverso la protezione dei dati personali, garantendo il diritto alla privacy di ciascuno degli utenti dei nostri servizi. In questo documento spieghiamo come utilizziamo i dati personali degli utenti del sito web.<\/p><\/div>\n\t\t<div class=\"qodef-m-button qodef-qi-clear\">\n\t\t<a class=\"qodef-shortcode qodef-m qodef-qi-button qodef-html--link qodef-layout--outlined qodef-type--inner-border qodef-icon--right qodef-hover--icon-move-horizontal-short qodef-inner-border-hover--remove q-remove-two-points\" href=\"\" target=\"_self\">\t<span class=\"qodef-m-text\"><\/span>\t\t<div class=\"qodef-m-inner-border\">\t\t\t\t\t<span class=\"qodef-m-border-top\"><\/span>\t\t\t<span class=\"qodef-m-border-right\"><\/span>\t\t\t<span class=\"qodef-m-border-bottom\"><\/span>\t\t\t<span class=\"qodef-m-border-left\"><\/span>\t\t\t\t<\/div>\t<\/a>\t<\/div>\n<\/div>\n\t\t\t\t<\/div>\n\t\t\t\t<\/div>\n\t\t\t\t<div class=\"elementor-element elementor-element-31bb2da elementor-widget__width-initial elementor-widget-tablet__width-inherit elementor-widget elementor-widget-qi_addons_for_elementor_section_title\" data-id=\"31bb2da\" data-element_type=\"widget\" data-e-type=\"widget\" data-widget_type=\"qi_addons_for_elementor_section_title.default\">\n\t\t\t\t<div class=\"elementor-widget-container\">\n\t\t\t\t\t<div class=\"qodef-shortcode qodef-m qodef-qi-section-title qodef-decoration--italic qodef-link--underline-draw qodef-subtitle-icon--left\">\n\t\t\t\t<h5 class=\"qodef-m-subtitle\">\n\t\t2\/ Definizione di dati personali\t\t\t<\/h5>\n\t\t\t\t\t<div class=\"qodef-m-text\"><p class=\"p1\">Per \u201cdato personale\u201d si intende qualsiasi informazione relativa a una persona fisica identificata o identificabile. Ci\u00f2 include, ma non \u00e8 limitato a, nome, cognome, nome, indirizzo postale ed e-mail e numero di telefono.<\/p><\/div>\n\t\t<div class=\"qodef-m-button qodef-qi-clear\">\n\t\t<a class=\"qodef-shortcode qodef-m qodef-qi-button qodef-html--link qodef-layout--outlined qodef-type--inner-border qodef-icon--right qodef-hover--icon-move-horizontal-short qodef-inner-border-hover--remove q-remove-two-points\" href=\"\" target=\"_self\">\t<span class=\"qodef-m-text\"><\/span>\t\t<div class=\"qodef-m-inner-border\">\t\t\t\t\t<span class=\"qodef-m-border-top\"><\/span>\t\t\t<span class=\"qodef-m-border-right\"><\/span>\t\t\t<span class=\"qodef-m-border-bottom\"><\/span>\t\t\t<span class=\"qodef-m-border-left\"><\/span>\t\t\t\t<\/div>\t<\/a>\t<\/div>\n<\/div>\n\t\t\t\t<\/div>\n\t\t\t\t<\/div>\n\t\t\t\t<div class=\"elementor-element elementor-element-1b74105 elementor-widget__width-initial elementor-widget-tablet__width-inherit elementor-widget elementor-widget-qi_addons_for_elementor_section_title\" data-id=\"1b74105\" data-element_type=\"widget\" data-e-type=\"widget\" data-widget_type=\"qi_addons_for_elementor_section_title.default\">\n\t\t\t\t<div class=\"elementor-widget-container\">\n\t\t\t\t\t<div class=\"qodef-shortcode qodef-m qodef-qi-section-title qodef-decoration--italic qodef-link--underline-draw qodef-subtitle-icon--left\">\n\t\t\t\t<h5 class=\"qodef-m-subtitle\">\n\t\t3\/ Trattamento e finalit\u00e0 dei dati raccolti\t\t\t<\/h5>\n\t\t\t\t\t<div class=\"qodef-m-text\"><p class=\"p1\">I dati personali che fornisci quando visiti uno qualsiasi dei nostri siti Web o installi la nostra applicazione mobile saranno trattati in conformit\u00e0 con le normative sulla protezione dei dati e saranno raccolti, elaborati e utilizzati solo per scopi leciti, legittimi e informati. Pertanto, dettagliamo tutte le finalit\u00e0 per le quali i dati personali sono utilizzati da <em>Alessandra Beltramo Events<\/em> in qualit\u00e0 di titolare del trattamento:<\/p><p class=\"p1\"><strong>Inviando moduli di contatto o e-mail:<\/strong><\/p><p class=\"p1\">Scopo: essere in grado di rispondere alle domande sollevate e contattare l\u2019utente per risolvere i dubbi o le domande sollevate.<\/p><p class=\"p1\">Legittimazione: La base legittima su cui verranno trattati i dati risiede nell\u2019esecuzione delle misure precontrattuali richieste e\/o nel consenso prestato.<\/p><p class=\"p1\">Periodi di conservazione: I dati saranno conservati per il tempo necessario a rispondere alle questioni sollevate.<\/p><p class=\"p1\"><strong>Inserendo il tuo indirizzo email per iscriverti alla newsletter:<\/strong><\/p><p class=\"p1\">Scopo: inviarti le newsletter richieste, nonch\u00e9 inviarti informazioni commerciali su nuovi prodotti e servizi.<\/p><p class=\"p1\">Legittimazione: La base legittima su cui verranno trattati i dati risiede nell\u2019esecuzione delle misure precontrattuali richieste e\/o nel consenso prestato.<\/p><p class=\"p1\">Periodi di conservazione: I dati saranno conservati per il tempo necessario per rispondere alle domande poste e per l\u2019invio di newsletter e informazioni commerciali richieste e accettate dall\u2019utente.<\/p><p class=\"p1\"><strong>Registrandoti come utente:<\/strong><\/p><p class=\"p1\">Scopo: gestire il tuo accesso come utente registrato e inviarti informazioni commerciali per via elettronica.<\/p><p class=\"p1\">Legittimazione: La base legittima su cui i dati saranno trattati risiede nell\u2019esecuzione delle misure precontrattuali richieste.<\/p><p class=\"p1\">Periodi di conservazione: i dati saranno conservati per tutto il tempo necessario per adempiere agli obblighi legali pertinenti, come gli obblighi fiscali ove applicabili.<\/p><p class=\"p1\"><strong>Per le transazioni:<\/strong><\/p><p class=\"p1\">Scopo: poter eseguire le relative procedure di prenotazione attraverso il sito Web e inviarti informazioni commerciali per via elettronica.<\/p><p class=\"p1\">Legittimazione: La base legittima su cui verranno trattati i dati risiede nell\u2019esecuzione delle misure precontrattuali richieste e\/o nel consenso prestato.<\/p><p class=\"p1\">Comunicazione dei dati a terzi: I Suoi dati saranno comunicati a soggetti bancari al fine dell\u2019espletamento delle relative operazioni economiche.<\/p><p class=\"p1\">Periodi di conservazione: I dati saranno conservati per il tempo necessario ad adempiere ai relativi obblighi di legge, quali, ad esempio, gli obblighi fiscali.<\/p><p class=\"p1\"><em>Alessandra Beltramo Events<\/em> informer\u00e0 tutti gli utenti del carattere non obbligatorio della raccolta di alcuni dati personali, salvo nei campi diversamente indicati. Tuttavia, il mancato conferimento di tali dati potrebbe impedire a <em>Alessandra Beltramo Events<\/em> di erogare tutti quei Servizi collegati a tali dati, sollevandoci da ogni responsabilit\u00e0 per la mancata o incompleta erogazione di tali Servizi.<\/p><p class=\"p1\">\u00c8 obbligo dell\u2019utente fornire dati veritieri e mantenerli aggiornati, pertanto <em>Alessandra Beltramo Events<\/em> si riserva il diritto di escludere dai servizi e procedere alla cancellazione del servizio l\u2019eventuale utente che abbia fornito dati falsi, fatte salve le altre azioni eventualmente applicabili da parte di legge.<\/p><p class=\"p2\">I tuoi dati personali NON saranno comunicati ad altre societ\u00e0. Nel caso in cui sia necessario comunicare i Suoi dati ad altro soggetto, verr\u00e0 richiesto il Suo espresso consenso prima della comunicazione.<\/p><\/div>\n\t\t<div class=\"qodef-m-button qodef-qi-clear\">\n\t\t<a class=\"qodef-shortcode qodef-m qodef-qi-button qodef-html--link qodef-layout--outlined qodef-type--inner-border qodef-icon--right qodef-hover--icon-move-horizontal-short qodef-inner-border-hover--remove q-remove-two-points\" href=\"\" target=\"_self\">\t<span class=\"qodef-m-text\"><\/span>\t\t<div class=\"qodef-m-inner-border\">\t\t\t\t\t<span class=\"qodef-m-border-top\"><\/span>\t\t\t<span class=\"qodef-m-border-right\"><\/span>\t\t\t<span class=\"qodef-m-border-bottom\"><\/span>\t\t\t<span class=\"qodef-m-border-left\"><\/span>\t\t\t\t<\/div>\t<\/a>\t<\/div>\n<\/div>\n\t\t\t\t<\/div>\n\t\t\t\t<\/div>\n\t\t\t\t<div class=\"elementor-element elementor-element-1d4f042 elementor-widget__width-initial elementor-widget-tablet__width-inherit elementor-widget elementor-widget-qi_addons_for_elementor_section_title\" data-id=\"1d4f042\" data-element_type=\"widget\" data-e-type=\"widget\" data-widget_type=\"qi_addons_for_elementor_section_title.default\">\n\t\t\t\t<div class=\"elementor-widget-container\">\n\t\t\t\t\t<div class=\"qodef-shortcode qodef-m qodef-qi-section-title qodef-decoration--italic qodef-link--underline-draw qodef-subtitle-icon--left\">\n\t\t\t\t<h5 class=\"qodef-m-subtitle\">\n\t\t4\/ Sicurezza dei tuoi dati personali\t\t\t<\/h5>\n\t\t\t\t\t<div class=\"qodef-m-text\"><p class=\"p1\"><em>Alessandra Beltramo Events<\/em> si preoccupa in modo particolare di garantire la sicurezza dei tuoi dati personali. I tuoi dati sono archiviati nei nostri sistemi informatici, dove abbiamo adottato e implementato le misure di sicurezza tecniche e organizzative necessarie per prevenire qualsiasi perdita o utilizzo non autorizzato da parte di terzi, ad esempio, i nostri siti Web utilizzano protocolli di crittografia dei dati https.<\/p><\/div>\n\t\t<div class=\"qodef-m-button qodef-qi-clear\">\n\t\t<a class=\"qodef-shortcode qodef-m qodef-qi-button qodef-html--link qodef-layout--outlined qodef-type--inner-border qodef-icon--right qodef-hover--icon-move-horizontal-short qodef-inner-border-hover--remove q-remove-two-points\" href=\"\" target=\"_self\">\t<span class=\"qodef-m-text\"><\/span>\t\t<div class=\"qodef-m-inner-border\">\t\t\t\t\t<span class=\"qodef-m-border-top\"><\/span>\t\t\t<span class=\"qodef-m-border-right\"><\/span>\t\t\t<span class=\"qodef-m-border-bottom\"><\/span>\t\t\t<span class=\"qodef-m-border-left\"><\/span>\t\t\t\t<\/div>\t<\/a>\t<\/div>\n<\/div>\n\t\t\t\t<\/div>\n\t\t\t\t<\/div>\n\t\t\t\t<div class=\"elementor-element elementor-element-2ca20f7 elementor-widget__width-initial elementor-widget-tablet__width-inherit elementor-widget elementor-widget-qi_addons_for_elementor_section_title\" data-id=\"2ca20f7\" data-element_type=\"widget\" data-e-type=\"widget\" data-widget_type=\"qi_addons_for_elementor_section_title.default\">\n\t\t\t\t<div class=\"elementor-widget-container\">\n\t\t\t\t\t<div class=\"qodef-shortcode qodef-m qodef-qi-section-title qodef-decoration--italic qodef-link--underline-draw qodef-subtitle-icon--left\">\n\t\t\t\t<h5 class=\"qodef-m-subtitle\">\n\t\t5\/ Informativa sull'uso dei cookie\t\t\t<\/h5>\n\t\t\t\t\t<div class=\"qodef-m-text\"><p class=\"p1\">Per il solo fatto di visitare questo Sito Web o di utilizzare i servizi di Alessandra Beltramo Events nessun dato personale che identifica un Utente viene automaticamente registrato. Tuttavia, ti informiamo che durante la navigazione nel Sito Web vengono utilizzati \u201ccookie\u201d, piccoli file di dati che vengono generati nel computer dell\u2019Utente e che ci consentono di ottenere le seguenti informazioni analitiche:<\/p><p class=\"p1\">a) La data e l\u2019ora di accesso al Web, che ci consente di conoscere le ore di maggiore affluenza e di apportare le modifiche necessarie per evitare problemi di saturazione nelle nostre ore di punta.<\/p><p class=\"p1\">b) Il numero di visitatori giornalieri di ciascuna sezione, che ci consente di conoscere le aree di maggior successo e di aumentare e migliorare i loro contenuti, in modo che gli utenti ottengano un risultato pi\u00f9 soddisfacente, nonch\u00e9 di migliorare il design dei contenuti.<\/p><p class=\"p1\">c) La data e l\u2019ora dell\u2019ultima volta che l\u2019utente ha visitato il Sito Web al fine di effettuare studi analitici e statistici sull\u2019utilizzo dello stesso.<\/p><p class=\"p1\">d) Elementi di sicurezza coinvolti nel controllo dell\u2019accesso alle aree riservate. <\/p><p class=\"p1\">Per maggiori informazioni visita la nostra cookie policy.<\/p><\/div>\n\t\t<div class=\"qodef-m-button qodef-qi-clear\">\n\t\t<a class=\"qodef-shortcode qodef-m qodef-qi-button qodef-html--link qodef-layout--outlined qodef-type--inner-border qodef-icon--right qodef-hover--icon-move-horizontal-short qodef-inner-border-hover--remove q-remove-two-points\" href=\"\" target=\"_self\">\t<span class=\"qodef-m-text\"><\/span>\t\t<div class=\"qodef-m-inner-border\">\t\t\t\t\t<span class=\"qodef-m-border-top\"><\/span>\t\t\t<span class=\"qodef-m-border-right\"><\/span>\t\t\t<span class=\"qodef-m-border-bottom\"><\/span>\t\t\t<span class=\"qodef-m-border-left\"><\/span>\t\t\t\t<\/div>\t<\/a>\t<\/div>\n<\/div>\n\t\t\t\t<\/div>\n\t\t\t\t<\/div>\n\t\t\t\t<div class=\"elementor-element elementor-element-ff10df5 elementor-widget__width-initial elementor-widget-tablet__width-inherit elementor-widget elementor-widget-qi_addons_for_elementor_section_title\" data-id=\"ff10df5\" data-element_type=\"widget\" data-e-type=\"widget\" data-widget_type=\"qi_addons_for_elementor_section_title.default\">\n\t\t\t\t<div class=\"elementor-widget-container\">\n\t\t\t\t\t<div class=\"qodef-shortcode qodef-m qodef-qi-section-title qodef-decoration--italic qodef-link--underline-draw qodef-subtitle-icon--left\">\n\t\t\t\t<h5 class=\"qodef-m-subtitle\">\n\t\t6\/ Diritti dell'utente\t\t\t<\/h5>\n\t\t\t\t\t<div class=\"qodef-m-text\"><p class=\"p1\">Qualsiasi utente pu\u00f2 esercitare uno qualsiasi dei diritti riconosciuti dalla normativa sulla protezione dei dati, come il diritto di accesso, rettifica, limitazione del trattamento, soppressione, portabilit\u00e0 dei dati e opposizione, scrivendo a <em>Alessandra Beltramo Events<\/em> inviando una e-mail a <strong>info@alessandrabeltramo.com<\/strong> Se lo riterrai opportuno potrai proporre reclamo al Garante per la Protezione dei Dati Personali per esercitare la tutela dei tuoi diritti.<\/p><\/div>\n\t\t<div class=\"qodef-m-button qodef-qi-clear\">\n\t\t<a class=\"qodef-shortcode qodef-m qodef-qi-button qodef-html--link qodef-layout--outlined qodef-type--inner-border qodef-icon--right qodef-hover--icon-move-horizontal-short qodef-inner-border-hover--remove q-remove-two-points\" href=\"\" target=\"_self\">\t<span class=\"qodef-m-text\"><\/span>\t\t<div class=\"qodef-m-inner-border\">\t\t\t\t\t<span class=\"qodef-m-border-top\"><\/span>\t\t\t<span class=\"qodef-m-border-right\"><\/span>\t\t\t<span class=\"qodef-m-border-bottom\"><\/span>\t\t\t<span class=\"qodef-m-border-left\"><\/span>\t\t\t\t<\/div>\t<\/a>\t<\/div>\n<\/div>\n\t\t\t\t<\/div>\n\t\t\t\t<\/div>\n\t\t\t\t<div class=\"elementor-element elementor-element-892d56b elementor-widget__width-initial elementor-widget-tablet__width-inherit elementor-widget elementor-widget-qi_addons_for_elementor_section_title\" data-id=\"892d56b\" data-element_type=\"widget\" data-e-type=\"widget\" data-widget_type=\"qi_addons_for_elementor_section_title.default\">\n\t\t\t\t<div class=\"elementor-widget-container\">\n\t\t\t\t\t<div class=\"qodef-shortcode qodef-m qodef-qi-section-title qodef-decoration--italic qodef-link--underline-draw qodef-subtitle-icon--left\">\n\t\t\t\t<h5 class=\"qodef-m-subtitle\">\n\t\t7\/ Non desideri ricevere informazioni da noi o desideri revocare il tuo consenso?\t\t\t<\/h5>\n\t\t\t\t\t<div class=\"qodef-m-text\"><p class=\"p1\">Qualsiasi utente pu\u00f2 opporsi all\u2019uso delle proprie informazioni per scopi pubblicitari, ricerche di mercato o sondaggi sulla soddisfazione e pu\u00f2 revocare il proprio consenso in qualsiasi momento (senza effetto retroattivo). Per farlo, si prega di inviare una e-mail a <strong>info@alessandrabeltramoevents.com<\/strong><\/p><p class=\"p1\">Quando ricevi pubblicit\u00e0 via e-mail, puoi anche opporti all\u2019e-mail cliccando sul link incluso nell\u2019e-mail e seguendo le istruzioni fornite.<\/p><\/div>\n\t\t<div class=\"qodef-m-button qodef-qi-clear\">\n\t\t<a class=\"qodef-shortcode qodef-m qodef-qi-button qodef-html--link qodef-layout--outlined qodef-type--inner-border qodef-icon--right qodef-hover--icon-move-horizontal-short qodef-inner-border-hover--remove q-remove-two-points\" href=\"\" target=\"_self\">\t<span class=\"qodef-m-text\"><\/span>\t\t<div class=\"qodef-m-inner-border\">\t\t\t\t\t<span class=\"qodef-m-border-top\"><\/span>\t\t\t<span class=\"qodef-m-border-right\"><\/span>\t\t\t<span class=\"qodef-m-border-bottom\"><\/span>\t\t\t<span class=\"qodef-m-border-left\"><\/span>\t\t\t\t<\/div>\t<\/a>\t<\/div>\n<\/div>\n\t\t\t\t<\/div>\n\t\t\t\t<\/div>\n\t\t\t\t<div class=\"elementor-element elementor-element-b886672 elementor-widget__width-initial elementor-widget-tablet__width-inherit elementor-widget elementor-widget-qi_addons_for_elementor_section_title\" data-id=\"b886672\" data-element_type=\"widget\" data-e-type=\"widget\" data-widget_type=\"qi_addons_for_elementor_section_title.default\">\n\t\t\t\t<div class=\"elementor-widget-container\">\n\t\t\t\t\t<div class=\"qodef-shortcode qodef-m qodef-qi-section-title qodef-decoration--italic qodef-link--underline-draw qodef-subtitle-icon--left\">\n\t\t\t\t<h5 class=\"qodef-m-subtitle\">\n\t\t8\/ Modifiche all'Informativa sulla privacy\t\t\t<\/h5>\n\t\t\t\t\t<div class=\"qodef-m-text\"><p class=\"p1\">La nostra Informativa sulla privacy pu\u00f2 essere aggiornata a causa di modifiche e requisiti legali, nonch\u00e9 a causa di miglioramenti e modifiche inclusi nel modo in cui offriamo e forniamo i nostri servizi e utilit\u00e0 dell\u2019applicazione. Ti consigliamo pertanto di visitare e accedere periodicamente alla nostra Informativa sulla privacy per avere accesso alle ultime modifiche che potrebbero essere state apportate. Se tali modifiche riguardano il tuo consenso, ti verr\u00e0 inviato un avviso separato e indipendente per riattivare il tuo consenso.<\/p><p class=\"p2\">Se hai domande o dubbi sulla nostra Informativa sulla privacy o desideri esercitare qualsiasi diritto o intraprendere qualsiasi azione in relazione ai tuoi dati personali, ti preghiamo di contattarci al seguente indirizzo email <strong><span class=\"s1\">info@alessandrabeltramo.com<\/span><\/strong><\/p><\/div>\n\t\t<div class=\"qodef-m-button qodef-qi-clear\">\n\t\t<a class=\"qodef-shortcode qodef-m qodef-qi-button qodef-html--link qodef-layout--outlined qodef-type--inner-border qodef-icon--right qodef-hover--icon-move-horizontal-short qodef-inner-border-hover--remove q-remove-two-points\" href=\"\" target=\"_self\">\t<span class=\"qodef-m-text\"><\/span>\t\t<div class=\"qodef-m-inner-border\">\t\t\t\t\t<span class=\"qodef-m-border-top\"><\/span>\t\t\t<span class=\"qodef-m-border-right\"><\/span>\t\t\t<span class=\"qodef-m-border-bottom\"><\/span>\t\t\t<span class=\"qodef-m-border-left\"><\/span>\t\t\t\t<\/div>\t<\/a>\t<\/div>\n<\/div>\n\t\t\t\t<\/div>\n\t\t\t\t<\/div>\n\t\t\t\t<\/div>\n\t\t\t\t<\/div>\n\t\t","protected":false},"excerpt":{"rendered":"<p>Privacy Policy 1\/ Informativa sulla privacy e sulla sicurezza Le seguenti informazioni sulla nostra Privacy Policy riflettono l\u2019impegno di Alessandra Beltramo Events, a mantenere e garantire relazioni commerciali sicure attraverso la protezione dei dati personali, garantendo il diritto alla privacy di ciascuno degli utenti dei nostri servizi. In questo documento spieghiamo come utilizziamo i dati [&hellip;]<\/p>\n","protected":false},"author":2,"featured_media":0,"parent":0,"menu_order":0,"comment_status":"closed","ping_status":"closed","template":"elementor_header_footer","meta":{"footnotes":""},"class_list":["post-1630","page","type-page","status-publish","hentry"],"_links":{"self":[{"href":"https:\/\/alessandrabeltramo.com\/it\/wp-json\/wp\/v2\/pages\/1630","targetHints":{"allow":["GET"]}}],"collection":[{"href":"https:\/\/alessandrabeltramo.com\/it\/wp-json\/wp\/v2\/pages"}],"about":[{"href":"https:\/\/alessandrabeltramo.com\/it\/wp-json\/wp\/v2\/types\/page"}],"author":[{"embeddable":true,"href":"https:\/\/alessandrabeltramo.com\/it\/wp-json\/wp\/v2\/users\/2"}],"replies":[{"embeddable":true,"href":"https:\/\/alessandrabeltramo.com\/it\/wp-json\/wp\/v2\/comments?post=1630"}],"version-history":[{"count":3,"href":"https:\/\/alessandrabeltramo.com\/it\/wp-json\/wp\/v2\/pages\/1630\/revisions"}],"predecessor-version":[{"id":1633,"href":"https:\/\/alessandrabeltramo.com\/it\/wp-json\/wp\/v2\/pages\/1630\/revisions\/1633"}],"wp:attachment":[{"href":"https:\/\/alessandrabeltramo.com\/it\/wp-json\/wp\/v2\/media?parent=1630"}],"curies":[{"name":"wp","href":"https:\/\/api.w.org\/{rel}","templated":true}]}}